{"id":1744,"date":"2023-11-03T21:36:09","date_gmt":"2023-11-03T19:36:09","guid":{"rendered":"https:\/\/portalix.mk\/%d0%b7%d0%b0-%d0%bd%d0%b0%d1%81\/"},"modified":"2026-02-20T23:15:33","modified_gmt":"2026-02-20T21:15:33","slug":"za-nas","status":"publish","type":"page","link":"https:\/\/portalix.mk\/mk\/za-nas\/","title":{"rendered":"IMPRESUM"},"content":{"rendered":"\n<p>\u0418\u043c\u043f\u0440\u0435\u0441\u0443\u043c<br>\u0418\u0417\u0414\u0410\u0412\u0410\u0427<br>\u0414\u0440\u0443\u0448\u0442\u0432\u043e \u0437\u0430 \u0443\u043c\u0435\u0442\u043d\u0438\u0447\u043a\u043e \u0442\u0432\u043e\u0440\u0435\u0448\u0442\u0432\u043e \u0438 \u043c\u0435\u0434\u0438\u0458\u0430 \u0443\u0441\u043b\u0443\u0433\u0438 \u041f\u043e\u0440\u0442\u0430\u043b\u0438\u043a\u0441 \u0414\u043e\u043e\u0435\u043b \u2013 \u0421\u043a\u043e\u043f\u0458\u0435<br>\u0421\u0415\u0414\u0418\u0428\u0422\u0415 \u0418 \u0410\u0414\u0420\u0415\u0421\u0410 \u041d\u0410 \u0423\u0420\u0415\u0414\u041d\u0418\u0428\u0422\u0412\u041e<br>\u0412\u0430\u0440\u0448\u0430\u0432\u0441\u043a\u0430 \u0431\u0440.1\u0410-2 \u043a\u0430\u0442 3\/15 \u0421\u043a\u043e\u043f\u0458\u0435, \u041a\u0430\u0440\u043f\u043e\u0448, \u041a\u0430\u0440\u043f\u043e\u0448<br>\u0423\u041f\u0420\u0410\u0412\u0418\u0422\u0415\u041b \u0418 \u0413\u041b\u0410\u0412\u0415\u041d \u0418 \u041e\u0414\u0413\u041e\u0412\u041e\u0420\u0415\u041d \u0423\u0420\u0415\u0414\u041d\u0418\u041a<br>\u0424\u0443\u0440\u043a\u0430\u043d \u0421\u0430\u043b\u0438\u0443<\/p>\n\n\n\n<p>\u0420\u0415\u0414\u0410\u041a\u0426\u0418\u0408\u0410<br>\u0415\u043c\u0438\u043d \u0415\u043c\u0438\u043d\u0438<br>\u0424\u0435\u0440\u0438\u043a\u0430\u043d \u0418\u043b\u0458\u0430\u0437\u0438 \u0410\u0440\u0438\u0444\u0438<br>\u0425\u0430\u0458\u0434\u0430\u0440 \u0425\u0430\u0458\u0434\u0430\u0440\u0438<br>\u041a\u0440\u0438\u0441\u0442\u0438\u043d\u0430 \u0418\u0432\u0430\u043d\u043e\u0432\u0441\u043a\u0430<br>\u040f\u0430\u0432\u0438\u0442 \u041c\u0443\u0441\u0442\u0430\u0444\u0430<\/p>\n\n\n\n<p>\u041a\u043e\u043d\u0442\u0430\u043a\u0442:<br>contact@portalix.mk<br>portalixonline@gmail.com<br>+38971211287<\/p>\n\n\n\n<p>Impresum<br>BOTUES<br>Shoq\u00ebri p\u00ebr krijimtari artistike dhe sh\u00ebrbime mediatike Portaliks DOOEL \u2013 Shkup<br>SELIA DHE ADRESA E REDAKSIS\u00cb<br>Rr. Varshavska nr.1A-2, kati 3\/15, Shkup, Karposh, Karposh<br>MENAXHER DHE KRYEREDAKTOR P\u00cbRGJEGJ\u00cbS<br>Furkan Saliu<br>REDAKSIA<br>Emin Emini<br>Ferikan Iljazi Arifi<br>Hajdar Hajdari<br>Kristina Ivanovska<br>Xhavit Mustafa<br>Kontakt:<br>contact@portalix.mk<br>portalixonline@gmail.com<br>+389 71 211 287<\/p>\n","protected":false},"excerpt":{"rendered":"<p>\u0418\u043c\u043f\u0440\u0435\u0441\u0443\u043c\u0418\u0417\u0414\u0410\u0412\u0410\u0427\u0414\u0440\u0443\u0448\u0442\u0432\u043e \u0437\u0430 \u0443\u043c\u0435\u0442\u043d\u0438\u0447\u043a\u043e \u0442\u0432\u043e\u0440\u0435\u0448\u0442\u0432\u043e \u0438 \u043c\u0435\u0434\u0438\u0458\u0430 \u0443\u0441\u043b\u0443\u0433\u0438 \u041f\u043e\u0440\u0442\u0430\u043b\u0438\u043a\u0441 \u0414\u043e\u043e\u0435\u043b \u2013 \u0421\u043a\u043e\u043f\u0458\u0435\u0421\u0415\u0414\u0418\u0428\u0422\u0415 \u0418 \u0410\u0414\u0420\u0415\u0421\u0410 \u041d\u0410 \u0423\u0420\u0415\u0414\u041d\u0418\u0428\u0422\u0412\u041e\u0412\u0430\u0440\u0448\u0430\u0432\u0441\u043a\u0430 \u0431\u0440.1\u0410-2 \u043a\u0430\u0442 3\/15 \u0421\u043a\u043e\u043f\u0458\u0435, \u041a\u0430\u0440\u043f\u043e\u0448, \u041a\u0430\u0440\u043f\u043e\u0448\u0423\u041f\u0420\u0410\u0412\u0418\u0422\u0415\u041b \u0418 \u0413\u041b\u0410\u0412\u0415\u041d \u0418 \u041e\u0414\u0413\u041e\u0412\u041e\u0420\u0415\u041d \u0423\u0420\u0415\u0414\u041d\u0418\u041a\u0424\u0443\u0440\u043a\u0430\u043d \u0421\u0430\u043b\u0438\u0443 \u0420\u0415\u0414\u0410\u041a\u0426\u0418\u0408\u0410\u0415\u043c\u0438\u043d \u0415\u043c\u0438\u043d\u0438\u0424\u0435\u0440\u0438\u043a\u0430\u043d \u0418\u043b\u0458\u0430\u0437\u0438 \u0410\u0440\u0438\u0444\u0438\u0425\u0430\u0458\u0434\u0430\u0440 \u0425\u0430\u0458\u0434\u0430\u0440\u0438\u041a\u0440\u0438\u0441\u0442\u0438\u043d\u0430 \u0418\u0432\u0430\u043d\u043e\u0432\u0441\u043a\u0430\u040f\u0430\u0432\u0438\u0442 \u041c\u0443\u0441\u0442\u0430\u0444\u0430 \u041a\u043e\u043d\u0442\u0430\u043a\u0442:contact@portalix.mkportalixonline@gmail.com+38971211287 ImpresumBOTUESShoq\u00ebri p\u00ebr krijimtari artistike dhe sh\u00ebrbime mediatike Portaliks DOOEL \u2013 ShkupSELIA DHE ADRESA E REDAKSIS\u00cbRr. Varshavska nr.1A-2, kati 3\/15, Shkup, &hellip;<\/p>\n","protected":false},"author":123,"featured_media":0,"parent":0,"menu_order":0,"comment_status":"closed","ping_status":"closed","template":"","meta":{"footnotes":""},"class_list":["post-1744","page","type-page","status-publish","hentry"],"nelio_popups_active_popup":"","yoast_head":"<!-- This site is optimized with the Yoast SEO plugin v25.8 - https:\/\/yoast.com\/wordpress\/plugins\/seo\/ -->\n<title>IMPRESUM - Portali X<\/title>\n<meta name=\"robots\" content=\"index, follow, max-snippet:-1, max-image-preview:large, max-video-preview:-1\" \/>\n<link rel=\"canonical\" href=\"https:\/\/portalix.mk\/mk\/za-nas\/\" \/>\n<meta property=\"og:locale\" content=\"mk_MK\" \/>\n<meta property=\"og:type\" content=\"article\" \/>\n<meta property=\"og:title\" content=\"IMPRESUM - Portali X\" \/>\n<meta property=\"og:description\" content=\"\u0418\u043c\u043f\u0440\u0435\u0441\u0443\u043c\u0418\u0417\u0414\u0410\u0412\u0410\u0427\u0414\u0440\u0443\u0448\u0442\u0432\u043e \u0437\u0430 \u0443\u043c\u0435\u0442\u043d\u0438\u0447\u043a\u043e \u0442\u0432\u043e\u0440\u0435\u0448\u0442\u0432\u043e \u0438 \u043c\u0435\u0434\u0438\u0458\u0430 \u0443\u0441\u043b\u0443\u0433\u0438 \u041f\u043e\u0440\u0442\u0430\u043b\u0438\u043a\u0441 \u0414\u043e\u043e\u0435\u043b \u2013 \u0421\u043a\u043e\u043f\u0458\u0435\u0421\u0415\u0414\u0418\u0428\u0422\u0415 \u0418 \u0410\u0414\u0420\u0415\u0421\u0410 \u041d\u0410 \u0423\u0420\u0415\u0414\u041d\u0418\u0428\u0422\u0412\u041e\u0412\u0430\u0440\u0448\u0430\u0432\u0441\u043a\u0430 \u0431\u0440.1\u0410-2 \u043a\u0430\u0442 3\/15 \u0421\u043a\u043e\u043f\u0458\u0435, \u041a\u0430\u0440\u043f\u043e\u0448, \u041a\u0430\u0440\u043f\u043e\u0448\u0423\u041f\u0420\u0410\u0412\u0418\u0422\u0415\u041b \u0418 \u0413\u041b\u0410\u0412\u0415\u041d \u0418 \u041e\u0414\u0413\u041e\u0412\u041e\u0420\u0415\u041d \u0423\u0420\u0415\u0414\u041d\u0418\u041a\u0424\u0443\u0440\u043a\u0430\u043d \u0421\u0430\u043b\u0438\u0443 \u0420\u0415\u0414\u0410\u041a\u0426\u0418\u0408\u0410\u0415\u043c\u0438\u043d \u0415\u043c\u0438\u043d\u0438\u0424\u0435\u0440\u0438\u043a\u0430\u043d \u0418\u043b\u0458\u0430\u0437\u0438 \u0410\u0440\u0438\u0444\u0438\u0425\u0430\u0458\u0434\u0430\u0440 \u0425\u0430\u0458\u0434\u0430\u0440\u0438\u041a\u0440\u0438\u0441\u0442\u0438\u043d\u0430 \u0418\u0432\u0430\u043d\u043e\u0432\u0441\u043a\u0430\u040f\u0430\u0432\u0438\u0442 \u041c\u0443\u0441\u0442\u0430\u0444\u0430 \u041a\u043e\u043d\u0442\u0430\u043a\u0442:contact@portalix.mkportalixonline@gmail.com+38971211287 ImpresumBOTUESShoq\u00ebri p\u00ebr krijimtari artistike dhe sh\u00ebrbime mediatike Portaliks DOOEL \u2013 ShkupSELIA DHE ADRESA E REDAKSIS\u00cbRr. Varshavska nr.1A-2, kati 3\/15, Shkup, &hellip;\" \/>\n<meta property=\"og:url\" content=\"https:\/\/portalix.mk\/mk\/za-nas\/\" \/>\n<meta property=\"og:site_name\" content=\"Portali X\" \/>\n<meta property=\"article:modified_time\" content=\"2026-02-20T21:15:33+00:00\" \/>\n<meta name=\"twitter:card\" content=\"summary_large_image\" \/>\n<meta name=\"twitter:label1\" content=\"Est. reading time\" \/>\n\t<meta name=\"twitter:data1\" content=\"1 \u043c\u0438\u043d\u0443\u0442\u0430\" \/>\n<script type=\"application\/ld+json\" class=\"yoast-schema-graph\">{\"@context\":\"https:\/\/schema.org\",\"@graph\":[{\"@type\":\"WebPage\",\"@id\":\"https:\/\/portalix.mk\/mk\/za-nas\/\",\"url\":\"https:\/\/portalix.mk\/mk\/za-nas\/\",\"name\":\"IMPRESUM - Portali X\",\"isPartOf\":{\"@id\":\"https:\/\/portalix.mk\/mk\/#website\"},\"datePublished\":\"2023-11-03T19:36:09+00:00\",\"dateModified\":\"2026-02-20T21:15:33+00:00\",\"breadcrumb\":{\"@id\":\"https:\/\/portalix.mk\/mk\/za-nas\/#breadcrumb\"},\"inLanguage\":\"mk-MK\",\"potentialAction\":[{\"@type\":\"ReadAction\",\"target\":[\"https:\/\/portalix.mk\/mk\/za-nas\/\"]}]},{\"@type\":\"BreadcrumbList\",\"@id\":\"https:\/\/portalix.mk\/mk\/za-nas\/#breadcrumb\",\"itemListElement\":[{\"@type\":\"ListItem\",\"position\":1,\"name\":\"Home\",\"item\":\"https:\/\/portalix.mk\/mk\/\"},{\"@type\":\"ListItem\",\"position\":2,\"name\":\"IMPRESUM\"}]},{\"@type\":\"WebSite\",\"@id\":\"https:\/\/portalix.mk\/mk\/#website\",\"url\":\"https:\/\/portalix.mk\/mk\/\",\"name\":\"Portali X\",\"description\":\"\",\"publisher\":{\"@id\":\"https:\/\/portalix.mk\/mk\/#organization\"},\"potentialAction\":[{\"@type\":\"SearchAction\",\"target\":{\"@type\":\"EntryPoint\",\"urlTemplate\":\"https:\/\/portalix.mk\/mk\/?s={search_term_string}\"},\"query-input\":{\"@type\":\"PropertyValueSpecification\",\"valueRequired\":true,\"valueName\":\"search_term_string\"}}],\"inLanguage\":\"mk-MK\"},{\"@type\":\"Organization\",\"@id\":\"https:\/\/portalix.mk\/mk\/#organization\",\"name\":\"Portali X\",\"url\":\"https:\/\/portalix.mk\/mk\/\",\"logo\":{\"@type\":\"ImageObject\",\"inLanguage\":\"mk-MK\",\"@id\":\"https:\/\/portalix.mk\/mk\/#\/schema\/logo\/image\/\",\"url\":\"https:\/\/portalix.mk\/wp-content\/uploads\/2023\/11\/logoo.png\",\"contentUrl\":\"https:\/\/portalix.mk\/wp-content\/uploads\/2023\/11\/logoo.png\",\"width\":1443,\"height\":606,\"caption\":\"Portali X\"},\"image\":{\"@id\":\"https:\/\/portalix.mk\/mk\/#\/schema\/logo\/image\/\"}}]}<\/script>\n<!-- \/ Yoast SEO plugin. -->","yoast_head_json":{"title":"IMPRESUM - Portali X","robots":{"index":"index","follow":"follow","max-snippet":"max-snippet:-1","max-image-preview":"max-image-preview:large","max-video-preview":"max-video-preview:-1"},"canonical":"https:\/\/portalix.mk\/mk\/za-nas\/","og_locale":"mk_MK","og_type":"article","og_title":"IMPRESUM - Portali X","og_description":"\u0418\u043c\u043f\u0440\u0435\u0441\u0443\u043c\u0418\u0417\u0414\u0410\u0412\u0410\u0427\u0414\u0440\u0443\u0448\u0442\u0432\u043e \u0437\u0430 \u0443\u043c\u0435\u0442\u043d\u0438\u0447\u043a\u043e \u0442\u0432\u043e\u0440\u0435\u0448\u0442\u0432\u043e \u0438 \u043c\u0435\u0434\u0438\u0458\u0430 \u0443\u0441\u043b\u0443\u0433\u0438 \u041f\u043e\u0440\u0442\u0430\u043b\u0438\u043a\u0441 \u0414\u043e\u043e\u0435\u043b \u2013 \u0421\u043a\u043e\u043f\u0458\u0435\u0421\u0415\u0414\u0418\u0428\u0422\u0415 \u0418 \u0410\u0414\u0420\u0415\u0421\u0410 \u041d\u0410 \u0423\u0420\u0415\u0414\u041d\u0418\u0428\u0422\u0412\u041e\u0412\u0430\u0440\u0448\u0430\u0432\u0441\u043a\u0430 \u0431\u0440.1\u0410-2 \u043a\u0430\u0442 3\/15 \u0421\u043a\u043e\u043f\u0458\u0435, \u041a\u0430\u0440\u043f\u043e\u0448, \u041a\u0430\u0440\u043f\u043e\u0448\u0423\u041f\u0420\u0410\u0412\u0418\u0422\u0415\u041b \u0418 \u0413\u041b\u0410\u0412\u0415\u041d \u0418 \u041e\u0414\u0413\u041e\u0412\u041e\u0420\u0415\u041d \u0423\u0420\u0415\u0414\u041d\u0418\u041a\u0424\u0443\u0440\u043a\u0430\u043d \u0421\u0430\u043b\u0438\u0443 \u0420\u0415\u0414\u0410\u041a\u0426\u0418\u0408\u0410\u0415\u043c\u0438\u043d \u0415\u043c\u0438\u043d\u0438\u0424\u0435\u0440\u0438\u043a\u0430\u043d \u0418\u043b\u0458\u0430\u0437\u0438 \u0410\u0440\u0438\u0444\u0438\u0425\u0430\u0458\u0434\u0430\u0440 \u0425\u0430\u0458\u0434\u0430\u0440\u0438\u041a\u0440\u0438\u0441\u0442\u0438\u043d\u0430 \u0418\u0432\u0430\u043d\u043e\u0432\u0441\u043a\u0430\u040f\u0430\u0432\u0438\u0442 \u041c\u0443\u0441\u0442\u0430\u0444\u0430 \u041a\u043e\u043d\u0442\u0430\u043a\u0442:contact@portalix.mkportalixonline@gmail.com+38971211287 ImpresumBOTUESShoq\u00ebri p\u00ebr krijimtari artistike dhe sh\u00ebrbime mediatike Portaliks DOOEL \u2013 ShkupSELIA DHE ADRESA E REDAKSIS\u00cbRr. Varshavska nr.1A-2, kati 3\/15, Shkup, &hellip;","og_url":"https:\/\/portalix.mk\/mk\/za-nas\/","og_site_name":"Portali X","article_modified_time":"2026-02-20T21:15:33+00:00","twitter_card":"summary_large_image","twitter_misc":{"Est. reading time":"1 \u043c\u0438\u043d\u0443\u0442\u0430"},"schema":{"@context":"https:\/\/schema.org","@graph":[{"@type":"WebPage","@id":"https:\/\/portalix.mk\/mk\/za-nas\/","url":"https:\/\/portalix.mk\/mk\/za-nas\/","name":"IMPRESUM - Portali X","isPartOf":{"@id":"https:\/\/portalix.mk\/mk\/#website"},"datePublished":"2023-11-03T19:36:09+00:00","dateModified":"2026-02-20T21:15:33+00:00","breadcrumb":{"@id":"https:\/\/portalix.mk\/mk\/za-nas\/#breadcrumb"},"inLanguage":"mk-MK","potentialAction":[{"@type":"ReadAction","target":["https:\/\/portalix.mk\/mk\/za-nas\/"]}]},{"@type":"BreadcrumbList","@id":"https:\/\/portalix.mk\/mk\/za-nas\/#breadcrumb","itemListElement":[{"@type":"ListItem","position":1,"name":"Home","item":"https:\/\/portalix.mk\/mk\/"},{"@type":"ListItem","position":2,"name":"IMPRESUM"}]},{"@type":"WebSite","@id":"https:\/\/portalix.mk\/mk\/#website","url":"https:\/\/portalix.mk\/mk\/","name":"Portali X","description":"","publisher":{"@id":"https:\/\/portalix.mk\/mk\/#organization"},"potentialAction":[{"@type":"SearchAction","target":{"@type":"EntryPoint","urlTemplate":"https:\/\/portalix.mk\/mk\/?s={search_term_string}"},"query-input":{"@type":"PropertyValueSpecification","valueRequired":true,"valueName":"search_term_string"}}],"inLanguage":"mk-MK"},{"@type":"Organization","@id":"https:\/\/portalix.mk\/mk\/#organization","name":"Portali X","url":"https:\/\/portalix.mk\/mk\/","logo":{"@type":"ImageObject","inLanguage":"mk-MK","@id":"https:\/\/portalix.mk\/mk\/#\/schema\/logo\/image\/","url":"https:\/\/portalix.mk\/wp-content\/uploads\/2023\/11\/logoo.png","contentUrl":"https:\/\/portalix.mk\/wp-content\/uploads\/2023\/11\/logoo.png","width":1443,"height":606,"caption":"Portali X"},"image":{"@id":"https:\/\/portalix.mk\/mk\/#\/schema\/logo\/image\/"}}]}},"_links":{"self":[{"href":"https:\/\/portalix.mk\/mk\/wp-json\/wp\/v2\/pages\/1744","targetHints":{"allow":["GET"]}}],"collection":[{"href":"https:\/\/portalix.mk\/mk\/wp-json\/wp\/v2\/pages"}],"about":[{"href":"https:\/\/portalix.mk\/mk\/wp-json\/wp\/v2\/types\/page"}],"author":[{"embeddable":true,"href":"https:\/\/portalix.mk\/mk\/wp-json\/wp\/v2\/users\/123"}],"replies":[{"embeddable":true,"href":"https:\/\/portalix.mk\/mk\/wp-json\/wp\/v2\/comments?post=1744"}],"version-history":[{"count":2,"href":"https:\/\/portalix.mk\/mk\/wp-json\/wp\/v2\/pages\/1744\/revisions"}],"predecessor-version":[{"id":10217,"href":"https:\/\/portalix.mk\/mk\/wp-json\/wp\/v2\/pages\/1744\/revisions\/10217"}],"wp:attachment":[{"href":"https:\/\/portalix.mk\/mk\/wp-json\/wp\/v2\/media?parent=1744"}],"curies":[{"name":"wp","href":"https:\/\/api.w.org\/{rel}","templated":true}]}}